{"id":76,"date":"2024-10-05T08:14:08","date_gmt":"2024-10-05T08:14:08","guid":{"rendered":"https:\/\/www.psychotherapie-sleiss.at\/?page_id=76"},"modified":"2026-01-04T19:25:16","modified_gmt":"2026-01-04T19:25:16","slug":"impressum","status":"publish","type":"page","link":"https:\/\/www.psychotherapie-sleiss.at\/?page_id=76","title":{"rendered":"Impressum"},"content":{"rendered":"\n<p><strong>Informationen und Offenlegung gem\u00e4\u00df \u00a75 (1) ECG, \u00a7 25 MedienG, \u00a7 63 GewO und \u00a7 14 UGB<\/strong><\/p>\n\n\n\n<p><strong>Webseitenbetreiberin und f\u00fcr den Inhalt verantwortlich<\/strong>:<\/p>\n\n\n\n<p><strong>Martina Sleiss<\/strong><br>Gaern\u00e4ckerstra\u00dfe 17<br>AT-2483 Ebreichsdorf<br>Telefon: +43 676 487 9075<br>Email: martina@psychotherapie-sleiss.at<\/p>\n\n\n\n<p><strong>Berufsbezeichnung:<\/strong>&nbsp;Psychotherapeutin in Ausbildung unter Supervision, Integrative Gestalttherapie<\/p>\n\n\n\n<p><strong>Mitgliedschaften:<\/strong><\/p>\n\n\n\n<p>\u00d6sterreichischer Arbeitskreis f\u00fcr Gruppentherapie und Gruppendynamik (\u00d6AGG)<\/p>\n\n\n\n<p>\u00d6sterreichischer Bundesverband f\u00fcr Psychotherapie (\u00d6BVP)<\/p>\n\n\n\n<p><strong>Berufsverband:<\/strong>&nbsp;\u00d6sterreichischer Berufsverband f\u00fcr Psychotherapie, abrufbar unter: www.psychotherapie.at<\/p>\n\n\n\n<p><strong>Aufsichtsbeh\u00f6rde:<\/strong>&nbsp;Bundesministerium f\u00fcr Soziales, Gesundheit, Pflege und Konsumentenschutz<\/p>\n\n\n\n<p><strong>Anwendbare Rechtsvorschrift:<\/strong>&nbsp;Psychotherapiegesetz (BGBl. Nr. 361\/1990), abrufbar unter www.ris.bka.gv.at<\/p>\n\n\n\n<p><strong>Bildernachweis:<\/strong>&nbsp;Die Bilder, Fotos und Grafiken auf dieser Webseite sind urheberrechtlich gesch\u00fctzt.<\/p>\n\n\n\n<p>Fotos: Doris Mitterer<\/p>\n\n\n\n<p><strong>Rechtliche Hinweise:<\/strong><\/p>\n\n\n\n<p>Alle Informationen und Inhalte wurden nach besten Wissen und gr\u00f6\u00dfter Sorgfalt gepr\u00fcft. Trotz aller Sorgfalt \u00fcbernimmt die Herausgeberin keinerlei Haftung oder Garantie f\u00fcr die Aktualit\u00e4t, Richtigkeit und Vollst\u00e4ndigkeit der zur Verf\u00fcgung gestellten Angaben.<\/p>\n\n\n\n<p>F\u00fcr die Inhalte und die Gestaltung der Websites, auf die mittels Hyperlink verwiesen (verlinkt) wird, schlie\u00dft die&nbsp;Herausgeberin jede Verantwortung und Haftung aus.<\/p>\n\n\n\n<p>An allen abrufbaren Texten, Grafiken, Fotos, Logos\/Marken, Designs u.\u00e4. (im folgenden \u201eInhalte\u201d) bestehen Rechte (Urheber-, Markenschutz-, und sonstige Immaterialg\u00fcterrechte). Die Verwendung ist daher nur im Rahmen der gesetzlichen und\/oder eventueller vertraglichen Bestimmungen gestattet. Rechte f\u00fcr eine Verwendung oder weitere Verbreitung dieser Inhalte sind ausschlie\u00dflich mit dem Rechteinhaber zu kl\u00e4ren.<\/p>\n","protected":false},"excerpt":{"rendered":"<p>Informationen und Offenlegung gem\u00e4\u00df \u00a75 (1) ECG, \u00a7 25 MedienG, \u00a7 63 GewO und \u00a7 14 UGB Webseitenbetreiberin und f\u00fcr den Inhalt verantwortlich: Martina SleissGaern\u00e4ckerstra\u00dfe 17AT-2483 EbreichsdorfTelefon: +43 676 487 9075Email: martina@psychotherapie-sleiss.at Berufsbezeichnung:&nbsp;Psychotherapeutin in Ausbildung unter Supervision, Integrative Gestalttherapie Mitgliedschaften: \u00d6sterreichischer Arbeitskreis f\u00fcr Gruppentherapie und Gruppendynamik (\u00d6AGG) \u00d6sterreichischer Bundesverband f\u00fcr Psychotherapie (\u00d6BVP) Berufsverband:&nbsp;\u00d6sterreichischer Berufsverband f\u00fcr <a class=\"read-more\" href=\"https:\/\/www.psychotherapie-sleiss.at\/?page_id=76\">READ MORE<\/a><\/p>\n","protected":false},"author":2,"featured_media":0,"parent":0,"menu_order":0,"comment_status":"closed","ping_status":"closed","template":"","meta":{"footnotes":""},"class_list":["post-76","page","type-page","status-publish","hentry"],"_links":{"self":[{"href":"https:\/\/www.psychotherapie-sleiss.at\/index.php?rest_route=\/wp\/v2\/pages\/76","targetHints":{"allow":["GET"]}}],"collection":[{"href":"https:\/\/www.psychotherapie-sleiss.at\/index.php?rest_route=\/wp\/v2\/pages"}],"about":[{"href":"https:\/\/www.psychotherapie-sleiss.at\/index.php?rest_route=\/wp\/v2\/types\/page"}],"author":[{"embeddable":true,"href":"https:\/\/www.psychotherapie-sleiss.at\/index.php?rest_route=\/wp\/v2\/users\/2"}],"replies":[{"embeddable":true,"href":"https:\/\/www.psychotherapie-sleiss.at\/index.php?rest_route=%2Fwp%2Fv2%2Fcomments&post=76"}],"version-history":[{"count":7,"href":"https:\/\/www.psychotherapie-sleiss.at\/index.php?rest_route=\/wp\/v2\/pages\/76\/revisions"}],"predecessor-version":[{"id":189,"href":"https:\/\/www.psychotherapie-sleiss.at\/index.php?rest_route=\/wp\/v2\/pages\/76\/revisions\/189"}],"wp:attachment":[{"href":"https:\/\/www.psychotherapie-sleiss.at\/index.php?rest_route=%2Fwp%2Fv2%2Fmedia&parent=76"}],"curies":[{"name":"wp","href":"https:\/\/api.w.org\/{rel}","templated":true}]}}