{"id":45,"date":"2024-10-04T20:26:00","date_gmt":"2024-10-04T20:26:00","guid":{"rendered":"https:\/\/www.psychotherapie-sleiss.at\/?page_id=45"},"modified":"2026-03-01T09:35:35","modified_gmt":"2026-03-01T09:35:35","slug":"mein-angebot","status":"publish","type":"page","link":"https:\/\/www.psychotherapie-sleiss.at\/?page_id=45","title":{"rendered":"Mein Angebot"},"content":{"rendered":"\n<h3 class=\"wp-block-heading\">Was ist Psychotherapie?<\/h3>\n\n\n\n<p>Psychotherapie ist ein wissenschaftlich anerkanntes und eigenst\u00e4ndiges Heilverfahren, um psychische, psychosoziale oder psychosomatisch bedingte Leidenszust\u00e4nde zu lindern oder zu heilen. Zudem kann Psychotherapie zur pers\u00f6nlichen Weiterentwicklung beitragen.<\/p>\n\n\n\n<h3 class=\"wp-block-heading\">Was ist Integrative Gestalttherapie?<\/h3>\n\n\n\n<p>Die Integrative Gestalttherapie ist eine von 23 anerkannten Psychotherapiemethoden in \u00d6sterreich und geh\u00f6rt zum humanistischen Cluster.<\/p>\n\n\n\n<p>Dieser Therapiemethode liegt eine ganzheitliche und humanistische Betrachtungsweise des Menschen zugrunde. Die Integrative Gestalttherapie geht davon aus, dass der Mensch zur Weiterentwicklung f\u00e4hig ist und bereits alles in sich tr\u00e4gt, was er daf\u00fcr und zur Bew\u00e4ltigung seiner Probleme braucht. In der Psychotherapie werden Klient*innen ermutigt, ihre eigenen St\u00e4rken und Ressourcen (wieder) zu entdecken und zu nutzen. Der Fokus der Therapie liegt im Hier und Jetzt, vor dem Hintergrund vergangener Erfahrungen. Neben Gespr\u00e4chen werden situationsgerecht erlebnisaktivierende Methoden (K\u00f6rper- und Bewegungsarbeit, kreative Medien, szenischer Ausdruck) zur Bewusstseinsf\u00f6rderung von Gef\u00fchlen, K\u00f6rperempfindungen sowie eigener Handlungs-, Erlebens- und Verhaltensweisen in den therapeutischen Prozess mit einbezogen. In der Integrativen Gestalttherapie spielt die therapeutische Beziehung eine zentrale Rolle , die von einer besonders wertsch\u00e4tzenden Grundhaltung und einem offenen, authentischen Kontakt zwischen Therapeut*in und Klient*in gepr\u00e4gt ist.<\/p>\n\n\n\n<p><strong>Ich unterst\u00fctze und begleite Sie gerne bei:<\/strong><\/p>\n\n\n\n<ul class=\"wp-block-list\">\n<li>Depressionen und Ersch\u00f6pfung<\/li>\n\n\n\n<li>Panikattacken und \u00c4ngsten<\/li>\n\n\n\n<li>Lebens- und Sinnkrisen<\/li>\n\n\n\n<li>Burnout, Stress und \u00dcberforderung<\/li>\n\n\n\n<li>Konflikten in Partnerschaft, Familie oder sozialen Beziehungen<\/li>\n\n\n\n<li>Pers\u00f6nlichkeitsentwicklung<\/li>\n\n\n\n<li>Selbstwertproblemen und Identit\u00e4tsentwicklung<\/li>\n\n\n\n<li>belastenden Lebensereignissen (Arbeitslosigkeit, Tod und Verlust, Krankheit)<\/li>\n\n\n\n<li>psychosomatischen Beschwerden<\/li>\n\n\n\n<li>famili\u00e4ren Belastungen (Trennung, Krankheit, Todesf\u00e4lle)<\/li>\n\n\n\n<li>Rollenfindung als Vater, Mutter oder Bezugsperson<\/li>\n\n\n\n<li>Belastung, Stress und \u00dcberforderung im Familienalltag<\/li>\n<\/ul>\n\n\n\n<p><strong>Ich begleite:<\/strong><\/p>\n\n\n\n<ul class=\"wp-block-list\">\n<li>Eltern<\/li>\n\n\n\n<li>Kinder (ab Volkschulalter)<\/li>\n\n\n\n<li>Jugendliche<\/li>\n\n\n\n<li>junge Erwachsene<\/li>\n\n\n\n<li>Erwachsene<\/li>\n\n\n\n<li>\u00e4ltere Menschen<\/li>\n<\/ul>\n\n\n\n<p><\/p>\n\n\n\n<p><\/p>\n\n\n\n<p><\/p>\n\n\n\n<figure class=\"wp-block-image aligncenter size-large is-resized\"><img loading=\"lazy\" decoding=\"async\" width=\"759\" height=\"1024\" src=\"https:\/\/www.psychotherapie-sleiss.at\/wp-content\/uploads\/2025\/01\/Psychotherapie_Martina_Sleiss-759x1024.jpg\" alt=\"\" class=\"wp-image-150\" style=\"width:245px;height:auto\" srcset=\"https:\/\/www.psychotherapie-sleiss.at\/wp-content\/uploads\/2025\/01\/Psychotherapie_Martina_Sleiss-759x1024.jpg 759w, https:\/\/www.psychotherapie-sleiss.at\/wp-content\/uploads\/2025\/01\/Psychotherapie_Martina_Sleiss-222x300.jpg 222w, https:\/\/www.psychotherapie-sleiss.at\/wp-content\/uploads\/2025\/01\/Psychotherapie_Martina_Sleiss-768x1036.jpg 768w, https:\/\/www.psychotherapie-sleiss.at\/wp-content\/uploads\/2025\/01\/Psychotherapie_Martina_Sleiss-1138x1536.jpg 1138w, https:\/\/www.psychotherapie-sleiss.at\/wp-content\/uploads\/2025\/01\/Psychotherapie_Martina_Sleiss-1518x2048.jpg 1518w, https:\/\/www.psychotherapie-sleiss.at\/wp-content\/uploads\/2025\/01\/Psychotherapie_Martina_Sleiss-scaled.jpg 1897w\" sizes=\"auto, (max-width: 759px) 100vw, 759px\" \/><\/figure>\n","protected":false},"excerpt":{"rendered":"<p>Was ist Psychotherapie? Psychotherapie ist ein wissenschaftlich anerkanntes und eigenst\u00e4ndiges Heilverfahren, um psychische, psychosoziale oder psychosomatisch bedingte Leidenszust\u00e4nde zu lindern oder zu heilen. Zudem kann Psychotherapie zur pers\u00f6nlichen Weiterentwicklung beitragen. Was ist Integrative Gestalttherapie? Die Integrative Gestalttherapie ist eine von 23 anerkannten Psychotherapiemethoden in \u00d6sterreich und geh\u00f6rt zum humanistischen Cluster. Dieser Therapiemethode liegt eine ganzheitliche <a class=\"read-more\" href=\"https:\/\/www.psychotherapie-sleiss.at\/?page_id=45\">READ MORE<\/a><\/p>\n","protected":false},"author":2,"featured_media":0,"parent":0,"menu_order":0,"comment_status":"closed","ping_status":"closed","template":"","meta":{"footnotes":""},"class_list":["post-45","page","type-page","status-publish","hentry"],"_links":{"self":[{"href":"https:\/\/www.psychotherapie-sleiss.at\/index.php?rest_route=\/wp\/v2\/pages\/45","targetHints":{"allow":["GET"]}}],"collection":[{"href":"https:\/\/www.psychotherapie-sleiss.at\/index.php?rest_route=\/wp\/v2\/pages"}],"about":[{"href":"https:\/\/www.psychotherapie-sleiss.at\/index.php?rest_route=\/wp\/v2\/types\/page"}],"author":[{"embeddable":true,"href":"https:\/\/www.psychotherapie-sleiss.at\/index.php?rest_route=\/wp\/v2\/users\/2"}],"replies":[{"embeddable":true,"href":"https:\/\/www.psychotherapie-sleiss.at\/index.php?rest_route=%2Fwp%2Fv2%2Fcomments&post=45"}],"version-history":[{"count":27,"href":"https:\/\/www.psychotherapie-sleiss.at\/index.php?rest_route=\/wp\/v2\/pages\/45\/revisions"}],"predecessor-version":[{"id":206,"href":"https:\/\/www.psychotherapie-sleiss.at\/index.php?rest_route=\/wp\/v2\/pages\/45\/revisions\/206"}],"wp:attachment":[{"href":"https:\/\/www.psychotherapie-sleiss.at\/index.php?rest_route=%2Fwp%2Fv2%2Fmedia&parent=45"}],"curies":[{"name":"wp","href":"https:\/\/api.w.org\/{rel}","templated":true}]}}