{"id":20,"date":"2024-10-04T20:14:29","date_gmt":"2024-10-04T20:14:29","guid":{"rendered":"https:\/\/www.psychotherapie-sleiss.at\/?page_id=20"},"modified":"2024-10-05T11:34:24","modified_gmt":"2024-10-05T11:34:24","slug":"notfall-krise","status":"publish","type":"page","link":"https:\/\/www.psychotherapie-sleiss.at\/?page_id=20","title":{"rendered":"Notfall\/Krise"},"content":{"rendered":"\n<p>Telefonseelsorge: 142; 24 Stunden erreichbar; <a href=\"https:\/\/www.telefonseelsorge.at\/\">https:\/\/www.telefonseelsorge.at\/<\/a><\/p>\n\n\n\n<p>Frauenhelpline: 0800 222 555; kostenlose und anonyme Helpline gegen Gewalt; 24 Stunden erreichbar<\/p>\n\n\n\n<p>M\u00e4nnernotruf: 0800 246247; Hotline f\u00fcr von Gewalt betroffenen M\u00e4nner, nach Wegweisung, bei Suizidgedanken und Beziehungsproblemen; 24 Stunden erreichbar<\/p>\n\n\n\n<p>Kriseninterventionszentrum: 01 406 959 Montag bis Freitag 8-17 Uhr; Ambulanz zur Bew\u00e4ltigung von akuten psychosozialen Krisen; telefonische, pers\u00f6nliche und E-Mail-Beratung; <a href=\"https:\/\/kriseninterventionszentrum.at\">https:\/\/kriseninterventionszentrum.at<\/a><\/p>\n\n\n\n<p>Kinder und Jugendliche:<\/p>\n\n\n\n<p>\u00d63 Kummernummer: 116 123; anonym; t\u00e4glich von 16 bis 23 Uhr erreichbar<\/p>\n\n\n\n<p>Kindernotruf: 0800 567 567; 24 Stunden Notruf bei akuten Krisen<\/p>\n\n\n\n<p>Rat auf Draht: 147; Notruf f\u00fcr Kinder und Jugendliche und deren Bezugsperson; 24 Stunden erreichbar; <a href=\"https:\/\/www.rataufdraht.at\/\">https:\/\/www.rataufdraht.at\/<\/a><\/p>\n","protected":false},"excerpt":{"rendered":"<p>Telefonseelsorge: 142; 24 Stunden erreichbar; https:\/\/www.telefonseelsorge.at\/ Frauenhelpline: 0800 222 555; kostenlose und anonyme Helpline gegen Gewalt; 24 Stunden erreichbar M\u00e4nnernotruf: 0800 246247; Hotline f\u00fcr von Gewalt betroffenen M\u00e4nner, nach Wegweisung, bei Suizidgedanken und Beziehungsproblemen; 24 Stunden erreichbar Kriseninterventionszentrum: 01 406 959 Montag bis Freitag 8-17 Uhr; Ambulanz zur Bew\u00e4ltigung von akuten psychosozialen Krisen; telefonische, pers\u00f6nliche <a class=\"read-more\" href=\"https:\/\/www.psychotherapie-sleiss.at\/?page_id=20\">READ MORE<\/a><\/p>\n","protected":false},"author":2,"featured_media":0,"parent":0,"menu_order":0,"comment_status":"closed","ping_status":"closed","template":"","meta":{"footnotes":""},"class_list":["post-20","page","type-page","status-publish","hentry"],"_links":{"self":[{"href":"https:\/\/www.psychotherapie-sleiss.at\/index.php?rest_route=\/wp\/v2\/pages\/20","targetHints":{"allow":["GET"]}}],"collection":[{"href":"https:\/\/www.psychotherapie-sleiss.at\/index.php?rest_route=\/wp\/v2\/pages"}],"about":[{"href":"https:\/\/www.psychotherapie-sleiss.at\/index.php?rest_route=\/wp\/v2\/types\/page"}],"author":[{"embeddable":true,"href":"https:\/\/www.psychotherapie-sleiss.at\/index.php?rest_route=\/wp\/v2\/users\/2"}],"replies":[{"embeddable":true,"href":"https:\/\/www.psychotherapie-sleiss.at\/index.php?rest_route=%2Fwp%2Fv2%2Fcomments&post=20"}],"version-history":[{"count":3,"href":"https:\/\/www.psychotherapie-sleiss.at\/index.php?rest_route=\/wp\/v2\/pages\/20\/revisions"}],"predecessor-version":[{"id":129,"href":"https:\/\/www.psychotherapie-sleiss.at\/index.php?rest_route=\/wp\/v2\/pages\/20\/revisions\/129"}],"wp:attachment":[{"href":"https:\/\/www.psychotherapie-sleiss.at\/index.php?rest_route=%2Fwp%2Fv2%2Fmedia&parent=20"}],"curies":[{"name":"wp","href":"https:\/\/api.w.org\/{rel}","templated":true}]}}