{"id":18,"date":"2024-10-04T20:15:35","date_gmt":"2024-10-04T20:15:35","guid":{"rendered":"https:\/\/www.psychotherapie-sleiss.at\/?page_id=18"},"modified":"2024-10-06T15:38:46","modified_gmt":"2024-10-06T15:38:46","slug":"rahmenbedingungen","status":"publish","type":"page","link":"https:\/\/www.psychotherapie-sleiss.at\/?page_id=18","title":{"rendered":"Rahmenbedingungen"},"content":{"rendered":"\n<h3 class=\"wp-block-heading\">Dauer und Frequenz<\/h3>\n\n\n\n<p>Eine Therapieeinheit dauert 50 Minuten. Bitte kommen Sie p\u00fcnktlich (nicht zu fr\u00fch und nicht zu sp\u00e4t) zum vereinbarten Termin.<\/p>\n\n\n\n<p>Die H\u00e4ufigkeit der Therapiesitzungen wird individuell mit Ihnen vereinbart. Diese k\u00f6nnen zwischen w\u00f6chentlichen Terminen bis einmal monatlich variieren. Psychotherapie ist ein Prozess &#8211; Unterbrechungen sind m\u00f6glichst zu vermeiden. Regelm\u00e4\u00dfigkeit f\u00f6rdert den Therapieerfolg.<\/p>\n\n\n\n<h3 class=\"wp-block-heading\">Verschwiegenheit<\/h3>\n\n\n\n<p>Als Psychotherapeutin (in Ausbildung unter Supervision) unterliege ich einer strengen gesetzlichen Verschwiegenheitspflicht gem\u00e4\u00df \u00a715 PthG.<\/p>\n\n\n\n<h3 class=\"wp-block-heading\">Honorar<\/h3>\n\n\n\n<p>Das Honorar f\u00fcr eine Therapieeinheit (50 Minuten) betr\u00e4gt 70\u20ac. Ich biete f\u00fcr besondere Lebenssituationen (z.B.: Studium, Arbeitslosigkeit, geringes Einkommen) ein Kontingent an verg\u00fcnstigten Therapiepl\u00e4tzen an. Bitte scheuen Sie sich nicht, mich darauf direkt anzusprechen. Eine Kostenr\u00fcckerstattung durch den jeweiligen Krankenversicherungstr\u00e4ger ist, solange ich mich \u201ein Ausbildung unter Supervision\u201c befinde, leider nicht m\u00f6glich.<\/p>\n\n\n\n<h3 class=\"wp-block-heading\">Absageregelung<\/h3>\n\n\n\n<p>Ich bitte Sie um eine rechtzeitige Terminabsage (mindestens 24 Stunden vorher). Bei Nichteinhaltung behalte ich mir das Recht vor, das volle Honorar in Rechnung zu stellen.<\/p>\n\n\n\n<h3 class=\"wp-block-heading\">Was bedeutet \u201ein Ausbildung unter Supervision\u201c? <\/h3>\n\n\n\n<p>Als Psychotherapeutin in Ausbildung unter Supervision befinde ich mich im letzten Ausbildungsabschnitt der Psychotherapieausbildung und bin zur selbstst\u00e4ndigen Berufsaus\u00fcbung berechtigt. Die Therapieeinheiten werden zur Sicherstellung der Behandlungsqualit\u00e4t, von erfahrenen Psychotherapeut*innen, supervidiert. Selbstverst\u00e4ndlich gilt auch, im Rahmen dieser Supervisionen, die Einhaltung der Verschwiegenheitspflicht.<\/p>\n\n\n\n<h3 class=\"wp-block-heading\">Erstgespr\u00e4ch<\/h3>\n\n\n\n<p>Beim Erstgespr\u00e4ch haben Sie die M\u00f6glichkeit mich und meine Arbeitsweise kennenzulernen. Gemeinsam finden wir heraus, ob und wie ich f\u00fcr ihr Anliegen hilfreich sein kann. Das zu bezahlende Erstgespr\u00e4ch dauert 50 Minuten.<\/p>\n","protected":false},"excerpt":{"rendered":"<p>Dauer und Frequenz Eine Therapieeinheit dauert 50 Minuten. Bitte kommen Sie p\u00fcnktlich (nicht zu fr\u00fch und nicht zu sp\u00e4t) zum vereinbarten Termin. Die H\u00e4ufigkeit der Therapiesitzungen wird individuell mit Ihnen vereinbart. Diese k\u00f6nnen zwischen w\u00f6chentlichen Terminen bis einmal monatlich variieren. Psychotherapie ist ein Prozess &#8211; Unterbrechungen sind m\u00f6glichst zu vermeiden. Regelm\u00e4\u00dfigkeit f\u00f6rdert den Therapieerfolg. Verschwiegenheit <a class=\"read-more\" href=\"https:\/\/www.psychotherapie-sleiss.at\/?page_id=18\">READ MORE<\/a><\/p>\n","protected":false},"author":2,"featured_media":0,"parent":0,"menu_order":0,"comment_status":"closed","ping_status":"closed","template":"","meta":{"footnotes":""},"class_list":["post-18","page","type-page","status-publish","hentry"],"_links":{"self":[{"href":"https:\/\/www.psychotherapie-sleiss.at\/index.php?rest_route=\/wp\/v2\/pages\/18","targetHints":{"allow":["GET"]}}],"collection":[{"href":"https:\/\/www.psychotherapie-sleiss.at\/index.php?rest_route=\/wp\/v2\/pages"}],"about":[{"href":"https:\/\/www.psychotherapie-sleiss.at\/index.php?rest_route=\/wp\/v2\/types\/page"}],"author":[{"embeddable":true,"href":"https:\/\/www.psychotherapie-sleiss.at\/index.php?rest_route=\/wp\/v2\/users\/2"}],"replies":[{"embeddable":true,"href":"https:\/\/www.psychotherapie-sleiss.at\/index.php?rest_route=%2Fwp%2Fv2%2Fcomments&post=18"}],"version-history":[{"count":9,"href":"https:\/\/www.psychotherapie-sleiss.at\/index.php?rest_route=\/wp\/v2\/pages\/18\/revisions"}],"predecessor-version":[{"id":136,"href":"https:\/\/www.psychotherapie-sleiss.at\/index.php?rest_route=\/wp\/v2\/pages\/18\/revisions\/136"}],"wp:attachment":[{"href":"https:\/\/www.psychotherapie-sleiss.at\/index.php?rest_route=%2Fwp%2Fv2%2Fmedia&parent=18"}],"curies":[{"name":"wp","href":"https:\/\/api.w.org\/{rel}","templated":true}]}}