{"id":14,"date":"2024-10-04T19:37:21","date_gmt":"2024-10-04T19:37:21","guid":{"rendered":"https:\/\/www.psychotherapie-sleiss.at\/?page_id=14"},"modified":"2026-01-04T19:23:44","modified_gmt":"2026-01-04T19:23:44","slug":"ueber-mich","status":"publish","type":"page","link":"https:\/\/www.psychotherapie-sleiss.at\/?page_id=14","title":{"rendered":"\u00dcber mich"},"content":{"rendered":"\n<figure class=\"wp-block-image size-large is-resized\"><img loading=\"lazy\" decoding=\"async\" width=\"683\" height=\"1024\" src=\"https:\/\/www.psychotherapie-sleiss.at\/wp-content\/uploads\/2024\/10\/fotomitterer-4716-683x1024.jpg\" alt=\"Martina Sleiss\" class=\"wp-image-22\" style=\"width:230px;height:auto\" srcset=\"https:\/\/www.psychotherapie-sleiss.at\/wp-content\/uploads\/2024\/10\/fotomitterer-4716-683x1024.jpg 683w, https:\/\/www.psychotherapie-sleiss.at\/wp-content\/uploads\/2024\/10\/fotomitterer-4716-200x300.jpg 200w, https:\/\/www.psychotherapie-sleiss.at\/wp-content\/uploads\/2024\/10\/fotomitterer-4716-768x1152.jpg 768w, https:\/\/www.psychotherapie-sleiss.at\/wp-content\/uploads\/2024\/10\/fotomitterer-4716-1024x1536.jpg 1024w, https:\/\/www.psychotherapie-sleiss.at\/wp-content\/uploads\/2024\/10\/fotomitterer-4716-1365x2048.jpg 1365w, https:\/\/www.psychotherapie-sleiss.at\/wp-content\/uploads\/2024\/10\/fotomitterer-4716-scaled.jpg 1707w\" sizes=\"auto, (max-width: 683px) 100vw, 683px\" \/><\/figure>\n\n\n\n<p>Mein Name ist Martina Sleiss, ich wurde 1990 in Baden bei Wien geboren. Heute lebe ich mit meinem Mann und unseren beiden Kindern im Bezirk Baden. Der Wunsch, Psychotherapeutin zu werden, begleitete mich schon fr\u00fch in meinem Leben. Bereits in meiner Jugend entwickelte ich ein tiefes Interesse f\u00fcr menschliches Verhalten, die zugrunde liegenden Emotionen und Bed\u00fcrfnisse.<\/p>\n\n\n\n<p>In meiner beruflichen Laufbahn als Kindergartenp\u00e4dagogin vertiefte sich mein Wunsch, Menschen individuell und ganzheitlich zu begleiten. Im Jahr 2015 entschied ich mich, die Ausbildung zur Psychotherapeutin zu beginnen. 2017 wurde ich stolze Mutter meiner beiden Kinder. 2021 startete ich das Fachspezifikum f\u00fcr Integrative Gestalttherapie.<\/p>\n\n\n\n<p>Seit 2023 arbeite ich als Fachkraft f\u00fcr mobile Familienbegleitung im Auftrag der Kinder- und Jugendhilfe. Seit 2024 bin ich nun als Psychotherapeutin in Ausbildung unter Supervision in freier Praxis t\u00e4tig. Ich freue mich darauf, Sie ein St\u00fcck auf Ihrem Lebensweg begleiten zu d\u00fcrfen.<\/p>\n\n\n\n<h3 class=\"wp-block-heading\">Ausbildung<\/h3>\n\n\n\n<p>2021 \u2013 fortlaufend: Fachspezifikum f\u00fcr Integrative Gestalttherapie (\u00d6AGG\/PLUS Salzburg)<\/p>\n\n\n\n<p>2015- 2022: Psychotherapeutisches Prop\u00e4deutikum (VRP Wien)<\/p>\n\n\n\n<p>2009-2012: Kolleg f\u00fcr Kindergartenp\u00e4dagogik Wiener Neustadt<\/p>\n\n\n\n<p>2004- 2009: Tourismusschule am Semmering<\/p>\n\n\n\n<h3 class=\"wp-block-heading\">Praktika im Rahmen der Ausbildung zur Psychotherapeutin<\/h3>\n\n\n\n<p>Abteilung f\u00fcr Psychiatrie und Psychotherapie des Krankenhauses der Barmherzigen Br\u00fcdern Eisenstadt<\/p>\n\n\n\n<p>Abteilung f\u00fcr Internistische Psychosomatik des Landesklinikums Baden<\/p>\n\n\n\n<p>Abteilung f\u00fcr Kinder- und Jugendheilkunde, Schwerpunkt Psychosomatik des Landesklinikums M\u00f6dling<\/p>\n\n\n\n<p>Abteilung f\u00fcr Kinder- und Jugendpsychiatrie und Psychotherapie des Landesklinikums M\u00f6dling, Standort Hinterbr\u00fchl<\/p>\n\n\n\n<p>Telefonseelsorge Eisenstadt<\/p>\n\n\n\n<p>AGPP Agenetwork im Landespflegeheim V\u00f6sendorf<\/p>\n\n\n\n<h3 class=\"wp-block-heading\">Berufliche Erfahrung<\/h3>\n\n\n\n<p>seit 2024 als Psychotherapeutin (in Ausbildung unter Supervision) t\u00e4tig in freier Praxis<\/p>\n\n\n\n<p>2023- fortlaufend: Fachkraft f\u00fcr mobile Familienbegleitung \u2013 Pro Juventute soziale Dienste GmbH<\/p>\n\n\n\n<p>2012- 2022: Kindergartenp\u00e4dagogin beim Land N\u00d6<\/p>\n","protected":false},"excerpt":{"rendered":"<p>Mein Name ist Martina Sleiss, ich wurde 1990 in Baden bei Wien geboren. Heute lebe ich mit meinem Mann und unseren beiden Kindern im Bezirk Baden. Der Wunsch, Psychotherapeutin zu werden, begleitete mich schon fr\u00fch in meinem Leben. Bereits in meiner Jugend entwickelte ich ein tiefes Interesse f\u00fcr menschliches Verhalten, die zugrunde liegenden Emotionen und <a class=\"read-more\" href=\"https:\/\/www.psychotherapie-sleiss.at\/?page_id=14\">READ MORE<\/a><\/p>\n","protected":false},"author":2,"featured_media":0,"parent":0,"menu_order":0,"comment_status":"closed","ping_status":"closed","template":"","meta":{"footnotes":""},"class_list":["post-14","page","type-page","status-publish","hentry"],"_links":{"self":[{"href":"https:\/\/www.psychotherapie-sleiss.at\/index.php?rest_route=\/wp\/v2\/pages\/14","targetHints":{"allow":["GET"]}}],"collection":[{"href":"https:\/\/www.psychotherapie-sleiss.at\/index.php?rest_route=\/wp\/v2\/pages"}],"about":[{"href":"https:\/\/www.psychotherapie-sleiss.at\/index.php?rest_route=\/wp\/v2\/types\/page"}],"author":[{"embeddable":true,"href":"https:\/\/www.psychotherapie-sleiss.at\/index.php?rest_route=\/wp\/v2\/users\/2"}],"replies":[{"embeddable":true,"href":"https:\/\/www.psychotherapie-sleiss.at\/index.php?rest_route=%2Fwp%2Fv2%2Fcomments&post=14"}],"version-history":[{"count":16,"href":"https:\/\/www.psychotherapie-sleiss.at\/index.php?rest_route=\/wp\/v2\/pages\/14\/revisions"}],"predecessor-version":[{"id":188,"href":"https:\/\/www.psychotherapie-sleiss.at\/index.php?rest_route=\/wp\/v2\/pages\/14\/revisions\/188"}],"wp:attachment":[{"href":"https:\/\/www.psychotherapie-sleiss.at\/index.php?rest_route=%2Fwp%2Fv2%2Fmedia&parent=14"}],"curies":[{"name":"wp","href":"https:\/\/api.w.org\/{rel}","templated":true}]}}